{"id":3658,"date":"2025-12-03T18:24:20","date_gmt":"2025-12-03T17:24:20","guid":{"rendered":"https:\/\/www.lr-automation.de\/palettierer\/"},"modified":"2026-01-06T01:49:56","modified_gmt":"2026-01-06T00:49:56","slug":"palettierer","status":"publish","type":"page","link":"https:\/\/www.lr-automation.de\/ro\/palettierer\/","title":{"rendered":"Palettierer"},"content":{"rendered":"<section class=\"l-section wpb_row us_custom_584b024b height_medium with_img parallax_ver\"><div class=\"l-section-img\" role=\"img\" aria-label=\"Leiterkarte LR-Automation\" data-img-width=\"1920\" data-img-height=\"1080\" style=\"background-image: url(https:\/\/www.lr-automation.de\/wp-content\/uploads\/leiterkarte-lra-001-1.jpg);background-repeat: no-repeat;\"><\/div><div class=\"l-section-h i-cf\"><div class=\"g-cols vc_row via_flex valign_bottom type_default stacking_default\"><div class=\"vc_col-sm-8 wpb_column vc_column_container\"><div class=\"vc_column-inner us_custom_b45e9e81 us_animate_this\"><div class=\"wpb_wrapper\"><div class=\"g-cols wpb_row via_flex valign_top type_default stacking_default\"><div class=\"vc_col-sm-12 wpb_column vc_column_container\"><div class=\"vc_column-inner\"><div class=\"wpb_wrapper\"><div class=\"wpb_text_column us_custom_2dbf7b3f\"><div class=\"wpb_wrapper\"><h1><span style=\"color: #ffffff;\">Palettierer<\/span><\/h1>\n<\/div><\/div><\/div><\/div><\/div><\/div><\/div><\/div><\/div><div class=\"vc_col-sm-4 wpb_column vc_column_container\"><div class=\"vc_column-inner us_custom_5f32f1a8 us_animate_this\"><div class=\"wpb_wrapper\"><\/div><\/div><\/div><\/div><\/div><\/section><section class=\"l-section wpb_row us_custom_ba5d8206 height_small width_full\"><div class=\"l-section-h i-cf\"><div class=\"g-cols vc_row via_flex valign_middle type_default stacking_default\"><div class=\"vc_col-sm-12 wpb_column vc_column_container\"><div class=\"vc_column-inner\"><div class=\"wpb_wrapper\"><div class=\"g-cols wpb_row us_custom_87926e83 via_flex valign_top type_default stacking_default\"><div class=\"vc_col-sm-6 wpb_column vc_column_container  has_bg_color\"><div class=\"vc_column-inner us_custom_6a87318c us_animate_this\"><div class=\"wpb_wrapper\"><div class=\"wpb_text_column us_custom_b93d6a2e has_text_color\"><div class=\"wpb_wrapper\"><h4>F\u00fcr Ihren Fortschritt<\/h4>\n<\/div><\/div>[vc_separator color=&#8221;custom&#8221; align=&#8221;align_left&#8221; border_width=&#8221;5&#8243; el_width=&#8221;50&#8243; css=&#8221;.vc_custom_1580731144005{margin-bottom: 40px !important;}&#8221; accent_color=&#8221;#00dbb4&#8243; el_class=&#8221;border-width-100px&#8221;]<div class=\"wpb_text_column us_custom_5a8782bb has_text_color\"><div class=\"wpb_wrapper\"><h2><span style=\"color: #ffffff;\">RoboFinisher<em> Palletize<\/em> \u2013 weil jede Aufgabe eine L\u00f6sung verdient!<br \/>\n<\/span><\/h2>\n<\/div><\/div><\/div><\/div><\/div><div class=\"vc_col-sm-6 wpb_column vc_column_container  has_bg_color\"><div class=\"vc_column-inner us_custom_0c449532 us_animate_this\"><div class=\"wpb_wrapper\"><div class=\"wpb_text_column\"><div class=\"wpb_wrapper\"><\/div><\/div><\/div><\/div><\/div><\/div><\/div><\/div><\/div><\/div><\/div><\/section><section class=\"l-section wpb_row us_custom_95bf8115 height_small\"><div class=\"l-section-h i-cf\"><div class=\"g-cols vc_row via_flex valign_top type_default stacking_default\"><div class=\"vc_col-sm-12 wpb_column vc_column_container\"><div class=\"vc_column-inner us_custom_60e9caca us_animate_this\"><div class=\"wpb_wrapper\"><div class=\"g-cols wpb_row via_flex valign_top type_default stacking_default\"><div class=\"vc_col-sm-2 wpb_column vc_column_container\"><div class=\"vc_column-inner\"><div class=\"wpb_wrapper\"><\/div><\/div><\/div><div class=\"vc_col-sm-8 wpb_column vc_column_container\"><div class=\"vc_column-inner us_custom_7c0a14b4 us_animate_this\"><div class=\"wpb_wrapper\"><div class=\"wpb_text_column us_custom_50cc7d67\"><div class=\"wpb_wrapper\"><h2 style=\"text-align: center;\">\u201eFortschritt besteht wesentlich darin,<br \/>\nfortschreiten zu wollen.\u201c<\/h2>\n<\/div><\/div>[vc_separator color=&#8221;custom&#8221; border_width=&#8221;5&#8243; el_width=&#8221;50&#8243; css=&#8221;.vc_custom_1580729868860{margin-bottom: 40px !important;}&#8221; accent_color=&#8221;#006553&#8243; el_class=&#8221;border-width-100px&#8221;]<div class=\"wpb_text_column us_custom_3f857c0d\"><div class=\"wpb_wrapper\"><p style=\"text-align: center;\">Diese alte Weisheit motiviert uns jeden Tag, f\u00fcr und mit unseren Kunden das Unm\u00f6gliche m\u00f6glich zu machen!<\/p>\n<p style=\"text-align: center;\">Daher haben wir gemeinsam mit unseren Kunden den Robofinisher entwickelt \u2013 ein innovatives Robotersystem, das mit modernster Technologie Ihre Produktionsprozesse optimiert oder sogar vollst\u00e4ndig automatisiert. Der Robofinisher kombiniert Pr\u00e4zision, Effizienz und Zuverl\u00e4ssigkeit, um Ihnen zu helfen, bestehende Abl\u00e4ufe zu verbessern und neue M\u00f6glichkeiten zu erschlie\u00dfen.<\/p>\n<p style=\"text-align: center;\"><span style=\"color: #373a3b;\">\u00a0<\/span><\/p>\n<\/div><\/div><\/div><\/div><\/div><div class=\"vc_col-sm-2 wpb_column vc_column_container\"><div class=\"vc_column-inner\"><div class=\"wpb_wrapper\"><\/div><\/div><\/div><\/div><div class=\"g-cols wpb_row via_flex valign_top type_default stacking_default\"><div class=\"vc_col-sm-2 wpb_column vc_column_container\"><div class=\"vc_column-inner\"><div class=\"wpb_wrapper\"><\/div><\/div><\/div><div class=\"vc_col-sm-8 wpb_column vc_column_container\"><div class=\"vc_column-inner us_custom_68469474 us_animate_this\"><div class=\"wpb_wrapper\"><div class=\"wpb_text_column us_custom_9f60a3d0\"><div class=\"wpb_wrapper\"><h5 style=\"text-align: center;\"><span style=\"color: #373a3b;\">Rufen Sie uns gerne an oder schreiben Sie eine Mail.<\/span><\/h5>\n<\/div><\/div><div class=\"w-hwrapper valign_top wrap align_center\"><div class=\"w-iconbox iconpos_left style_default color_primary align_left no_title icontype_img\"><div class=\"w-iconbox-icon\" style=\"font-size:2rem;\"><svg id=\"Ebene_1\" data-name=\"Ebene 1\" xmlns=\"http:\/\/www.w3.org\/2000\/svg\" viewBox=\"0 0 40 40\"><defs><style>.cls-1{fill:#006553;}<\/style><\/defs><title>icon-phone-lra<\/title><path class=\"cls-1\" d=\"M25.14,9a1,1,0,0,1,1,1V30a1,1,0,0,1-1,1H14.86a1,1,0,0,1-1-1V10a1,1,0,0,1,1-1H25.14m0-2H14.86a3,3,0,0,0-3,3V30a3,3,0,0,0,3,3H25.14a3,3,0,0,0,3-3V10a3,3,0,0,0-3-3Z\"\/><circle class=\"cls-1\" cx=\"20\" cy=\"27.53\" r=\"1.63\"\/><\/svg><\/div><div class=\"w-iconbox-meta\"><div class=\"w-iconbox-text\"><p><strong><a href=\"tel:+4970215714841\"><span style=\"color: #ffffff;\"><span style=\"color: #373a3b;\"><span style=\"color: #ffffff;\"><span style=\"color: #006553;\">+49 (0) 7021 57 148 41<\/span><\/span><\/span><\/span><\/a><\/strong><\/p>\n<\/div><\/div><\/div><div class=\"w-iconbox iconpos_left style_default color_primary align_left no_title icontype_img\"><div class=\"w-iconbox-icon\" style=\"font-size:2rem;\"><svg id=\"Ebene_1\" data-name=\"Ebene 1\" xmlns=\"http:\/\/www.w3.org\/2000\/svg\" viewBox=\"0 0 40 40\"><defs><style>.cls-1{fill:#006553;}<\/style><\/defs><title>icon-mail-lra<\/title><path class=\"cls-1\" d=\"M20,23.65a1,1,0,0,1-.65-.25l-8.14-7a1,1,0,1,1,1.3-1.52L20,21.33l7.49-6.42a1,1,0,1,1,1.3,1.52l-8.14,7A1,1,0,0,1,20,23.65Z\"\/><path class=\"cls-1\" d=\"M30.62,12.1a1,1,0,0,1,1,1V26.9a1,1,0,0,1-1,1H9.38a1,1,0,0,1-1-1V13.1a1,1,0,0,1,1-1H30.62m0-2H9.38a3,3,0,0,0-3,3V26.9a3,3,0,0,0,3,3H30.62a3,3,0,0,0,3-3V13.1a3,3,0,0,0-3-3Z\"\/><\/svg><\/div><div class=\"w-iconbox-meta\"><div class=\"w-iconbox-text\"><p><span style=\"color: #006553;\"><a style=\"color: #006553;\" href=\"mailto:anfrage@lr-automation.de\"><strong>anfrage@lr-automation.de<\/strong><\/a><\/span><\/p>\n<\/div><\/div><\/div><\/div><\/div><\/div><\/div><div class=\"vc_col-sm-2 wpb_column vc_column_container\"><div class=\"vc_column-inner\"><div class=\"wpb_wrapper\"><\/div><\/div><\/div><\/div><\/div><\/div><\/div><\/div><\/div><\/section><section class=\"l-section wpb_row us_custom_82cabdb6 height_small\"><div class=\"l-section-h i-cf\"><div class=\"g-cols vc_row via_flex valign_top type_default stacking_default\"><div class=\"vc_col-sm-12 wpb_column vc_column_container\"><div class=\"vc_column-inner us_custom_60e9caca us_animate_this\"><div class=\"wpb_wrapper\"><div class=\"g-cols wpb_row us_custom_f25c3eb9 via_flex valign_middle type_default stacking_default\"><div class=\"vc_col-sm-12 wpb_column vc_column_container\"><div class=\"vc_column-inner us_custom_1fb8b2dc us_animate_this\"><div class=\"wpb_wrapper\"><div class=\"wpb_text_column us_custom_50cc7d67\"><div class=\"wpb_wrapper\"><h4 style=\"text-align: center;\"><span style=\"color: #373a3b;\"><strong>Wir finden <\/strong>in enger Zusammenarbeit <strong>die passende L\u00f6sung<\/strong> f\u00fcr Ihre Problemstellung!<\/span><\/h4>\n<\/div><\/div><\/div><\/div><\/div><\/div><\/div><\/div><\/div><\/div><\/div><\/section><section class=\"l-section wpb_row us_custom_1f67a08a height_small\"><div class=\"l-section-h i-cf\"><div class=\"g-cols vc_row via_flex valign_top type_default stacking_default\"><div class=\"vc_col-sm-4 wpb_column vc_column_container  has_bg_color\"><div class=\"vc_column-inner us_custom_cf904afa us_animate_this\"><div class=\"wpb_wrapper\"><div class=\"g-cols wpb_row via_flex valign_top type_default stacking_default\"><div class=\"vc_col-sm-12 wpb_column vc_column_container\"><div class=\"vc_column-inner\"><div class=\"wpb_wrapper\"><div class=\"wpb_text_column us_custom_2dbf7b3f\"><div class=\"wpb_wrapper\"><h4>Kontakt<\/h4>\n<\/div><\/div><div class=\"w-iconbox iconpos_left style_default color_primary align_left no_title icontype_img\"><div class=\"w-iconbox-icon\" style=\"font-size:40px;\"><svg id=\"Ebene_1\" data-name=\"Ebene 1\" xmlns=\"http:\/\/www.w3.org\/2000\/svg\" viewBox=\"0 0 40 40\"><defs><style>.cls-1{fill:#006553;}<\/style><\/defs><title>icon-phone-lra<\/title><path class=\"cls-1\" d=\"M25.14,9a1,1,0,0,1,1,1V30a1,1,0,0,1-1,1H14.86a1,1,0,0,1-1-1V10a1,1,0,0,1,1-1H25.14m0-2H14.86a3,3,0,0,0-3,3V30a3,3,0,0,0,3,3H25.14a3,3,0,0,0,3-3V10a3,3,0,0,0-3-3Z\"\/><circle class=\"cls-1\" cx=\"20\" cy=\"27.53\" r=\"1.63\"\/><\/svg><\/div><div class=\"w-iconbox-meta\"><div class=\"w-iconbox-text\"><h6>07021 \u2013 57 14 841<\/h6>\n<\/div><\/div><\/div><div class=\"w-iconbox us_custom_8e6ee1ad iconpos_left style_default color_custom align_left no_title icontype_img\"><div class=\"w-iconbox-icon\" style=\"font-size:40px;\"><svg id=\"Ebene_1\" data-name=\"Ebene 1\" xmlns=\"http:\/\/www.w3.org\/2000\/svg\" viewBox=\"0 0 40 40\"><defs><style>.cls-1{fill:#006553;}<\/style><\/defs><title>icon-mail-lra<\/title><path class=\"cls-1\" d=\"M20,23.65a1,1,0,0,1-.65-.25l-8.14-7a1,1,0,1,1,1.3-1.52L20,21.33l7.49-6.42a1,1,0,1,1,1.3,1.52l-8.14,7A1,1,0,0,1,20,23.65Z\"\/><path class=\"cls-1\" d=\"M30.62,12.1a1,1,0,0,1,1,1V26.9a1,1,0,0,1-1,1H9.38a1,1,0,0,1-1-1V13.1a1,1,0,0,1,1-1H30.62m0-2H9.38a3,3,0,0,0-3,3V26.9a3,3,0,0,0,3,3H30.62a3,3,0,0,0,3-3V13.1a3,3,0,0,0-3-3Z\"\/><\/svg><\/div><div class=\"w-iconbox-meta\"><div class=\"w-iconbox-text\"><h6>info@lr-automation.de<\/h6>\n<\/div><\/div><\/div><div class=\"w-iconbox us_custom_c5284212 iconpos_left style_default color_custom align_left no_title icontype_img\"><div class=\"w-iconbox-icon\" style=\"font-size:40px;\"><svg id=\"Ebene_1\" data-name=\"Ebene 1\" xmlns=\"http:\/\/www.w3.org\/2000\/svg\" viewBox=\"0 0 40 40\"><defs><style>.cls-1{fill:#006553;}<\/style><\/defs><title>icon-marker-lra<\/title><path class=\"cls-1\" d=\"M21,9c4,0,7.27,3.52,7.27,7.84,0,3.32-2.37,8.33-6.52,13.72A1,1,0,0,1,21,31a1,1,0,0,1-.74-.48c-4.15-5.39-6.53-10.4-6.53-13.72C13.7,12.5,17,9,21,9m0-2c-5.12,0-9.27,4.41-9.27,9.84,0,5.08,4.19,11.37,6.94,14.94a2.78,2.78,0,0,0,4.66,0c2.75-3.57,6.94-9.86,6.94-14.94C30.24,11.39,26.09,7,21,7Z\"\/><\/svg><\/div><div class=\"w-iconbox-meta\"><div class=\"w-iconbox-text\"><h6>Hohenstaufenstra\u00dfe 26,<br \/>\nD-73230 Kirchheim unter<br \/>\nTeck \u2013 Nabern<\/h6>\n<\/div><\/div><\/div><\/div><\/div><\/div><\/div><\/div><\/div><\/div><div class=\"vc_col-sm-8 wpb_column vc_column_container\"><div class=\"vc_column-inner us_custom_66184871 us_animate_this\"><div class=\"wpb_wrapper\"><div class=\"g-cols wpb_row via_flex valign_top type_default stacking_default\"><div class=\"vc_col-sm-12 wpb_column vc_column_container\"><div class=\"vc_column-inner\"><div class=\"wpb_wrapper\"><div class=\"w-map provider_google us_custom_b3be410f\" id=\"us_map_1\"><div class=\"w-map-inner\"><div class=\"w-map-json\" onclick='return {&quot;address&quot;:&quot;48.617036, 9.481182&quot;,&quot;disableDragging&quot;:0,&quot;disableZoom&quot;:0,&quot;hideControls&quot;:0,&quot;zoom&quot;:14,&quot;markers&quot;:[{&quot;address&quot;:&quot;48.617036, 9.481182&quot;,&quot;html&quot;:&quot;&quot;,&quot;infowindow&quot;:0}],&quot;icon&quot;:{&quot;url&quot;:&quot;https:\\\/\\\/www.lr-automation.de\\\/wp-content\\\/uploads\\\/icon-marker-lra.svg&quot;,&quot;size&quot;:[50,50]},&quot;maptype&quot;:&quot;ROADMAP&quot;}'><\/div><\/div><\/div><\/div><\/div><\/div><\/div><\/div><\/div><\/div><\/div><\/div><\/section>\n","protected":false},"excerpt":{"rendered":"Palettierer F\u00fcr Ihren Fortschritt [vc_separator color=\"custom\" align=\"align_left\" border_width=\"5\" el_width=\"50\" css=\".vc_custom_1580731144005{margin-bottom: 40px !important;}\" accent_color=\"#00dbb4\" el_class=\"border-width-100px\"]RoboFinisher Palletize \u2013 weil jede Aufgabe eine L\u00f6sung verdient! \u201eFortschritt besteht wesentlich darin, fortschreiten zu wollen.\u201c [vc_separator color=\"custom\" border_width=\"5\" el_width=\"50\" css=\".vc_custom_1580729868860{margin-bottom: 40px !important;}\" accent_color=\"#006553\" el_class=\"border-width-100px\"]Diese alte Weisheit motiviert uns jeden Tag, f\u00fcr und mit unseren Kunden das Unm\u00f6gliche m\u00f6glich zu machen! Daher...","protected":false},"author":3,"featured_media":0,"parent":0,"menu_order":0,"comment_status":"closed","ping_status":"closed","template":"","meta":{"footnotes":""},"class_list":["post-3658","page","type-page","status-publish","hentry"],"jetpack_sharing_enabled":true,"_links":{"self":[{"href":"https:\/\/www.lr-automation.de\/ro\/wp-json\/wp\/v2\/pages\/3658","targetHints":{"allow":["GET"]}}],"collection":[{"href":"https:\/\/www.lr-automation.de\/ro\/wp-json\/wp\/v2\/pages"}],"about":[{"href":"https:\/\/www.lr-automation.de\/ro\/wp-json\/wp\/v2\/types\/page"}],"author":[{"embeddable":true,"href":"https:\/\/www.lr-automation.de\/ro\/wp-json\/wp\/v2\/users\/3"}],"replies":[{"embeddable":true,"href":"https:\/\/www.lr-automation.de\/ro\/wp-json\/wp\/v2\/comments?post=3658"}],"version-history":[{"count":1,"href":"https:\/\/www.lr-automation.de\/ro\/wp-json\/wp\/v2\/pages\/3658\/revisions"}],"predecessor-version":[{"id":3660,"href":"https:\/\/www.lr-automation.de\/ro\/wp-json\/wp\/v2\/pages\/3658\/revisions\/3660"}],"wp:attachment":[{"href":"https:\/\/www.lr-automation.de\/ro\/wp-json\/wp\/v2\/media?parent=3658"}],"curies":[{"name":"wp","href":"https:\/\/api.w.org\/{rel}","templated":true}]}}