{"id":3376,"date":"2020-02-07T14:02:01","date_gmt":"2020-02-07T13:02:01","guid":{"rendered":"https:\/\/www.lr-automation.de\/karriere\/"},"modified":"2020-11-23T11:35:29","modified_gmt":"2020-11-23T10:35:29","slug":"karriere","status":"publish","type":"page","link":"https:\/\/www.lr-automation.de\/ro\/karriere\/","title":{"rendered":"Carier\u0103"},"content":{"rendered":"<section class=\"l-section wpb_row us_custom_1f67a08a scroll height_small with_img parallax_ver\"><div class=\"l-section-img\" role=\"img\" aria-label=\"Leiterkarte mit Rakete\" data-img-width=\"1920\" data-img-height=\"1080\" style=\"background-image: url(https:\/\/www.lr-automation.de\/wp-content\/uploads\/header-kontakt-01.jpg);background-repeat: no-repeat;\"><\/div><div class=\"l-section-h i-cf\"><div class=\"g-cols vc_row via_flex valign_middle type_default stacking_default\"><div class=\"vc_col-sm-6 wpb_column vc_column_container\"><div class=\"vc_column-inner us_custom_308d7c64\"><div class=\"wpb_wrapper\"><div class=\"g-cols wpb_row via_flex valign_middle type_default stacking_default\"><div class=\"vc_col-sm-12 wpb_column vc_column_container fixed us_animate_afb\" style=\"animation-delay:0.4s\"><div class=\"vc_column-inner us_custom_dc794a79\"><div class=\"wpb_wrapper\"><div class=\"wpb_text_column us_custom_50cc7d67\"><div class=\"wpb_wrapper\"><h1 style=\"text-align: left;\"><span style=\"color: #ffffff;\">Carier\u0103<\/span><\/h1>\n<\/div><\/div>[vc_separator color=&#8221;custom&#8221; align=&#8221;align_left&#8221; border_width=&#8221;5&#8243; el_width=&#8221;50&#8243; accent_color=&#8221;#ffffff&#8221; css=&#8221;.vc_custom_1582037704802{margin-bottom: 40px !important;}&#8221; el_class=&#8221;border-width-100px&#8221;]<\/div><\/div><\/div><\/div><\/div><\/div><\/div><div class=\"vc_col-sm-6 wpb_column vc_column_container\"><div class=\"vc_column-inner us_custom_81374614\"><div class=\"wpb_wrapper\"><div class=\"g-cols wpb_row via_flex valign_top type_default stacking_default\"><div class=\"vc_col-sm-12 vc_hidden-sm vc_hidden-xs wpb_column vc_column_container\"><div class=\"vc_column-inner\"><div class=\"wpb_wrapper\"><div class=\"w-image align_center\"><div class=\"w-image-h\"><img decoding=\"async\" width=\"600\" height=\"450\" src=\"https:\/\/www.lr-automation.de\/wp-content\/uploads\/rakete-small.png\" class=\"attachment-large size-large\" alt=\"Rakete\" loading=\"lazy\" srcset=\"https:\/\/www.lr-automation.de\/wp-content\/uploads\/rakete-small.png 600w, https:\/\/www.lr-automation.de\/wp-content\/uploads\/rakete-small-300x225.png 300w, https:\/\/www.lr-automation.de\/wp-content\/uploads\/rakete-small-80x60.png 80w\" sizes=\"auto, (max-width: 600px) 100vw, 600px\" \/><\/div><\/div><\/div><\/div><\/div><\/div><div class=\"g-cols wpb_row via_flex valign_top type_default stacking_default\"><div class=\"vc_col-sm-12 vc_hidden-lg vc_hidden-md wpb_column vc_column_container\"><div class=\"vc_column-inner\"><div class=\"wpb_wrapper\"><div class=\"w-image align_center\"><div class=\"w-image-h\"><img decoding=\"async\" width=\"400\" height=\"460\" src=\"https:\/\/www.lr-automation.de\/wp-content\/uploads\/rakete-mobile.png\" class=\"attachment-large size-large\" alt=\"Rakete\" loading=\"lazy\" srcset=\"https:\/\/www.lr-automation.de\/wp-content\/uploads\/rakete-mobile.png 400w, https:\/\/www.lr-automation.de\/wp-content\/uploads\/rakete-mobile-261x300.png 261w, https:\/\/www.lr-automation.de\/wp-content\/uploads\/rakete-mobile-70x80.png 70w\" sizes=\"auto, (max-width: 400px) 100vw, 400px\" \/><\/div><\/div><\/div><\/div><\/div><\/div><\/div><\/div><\/div><\/div><\/div><\/section><section class=\"l-section wpb_row us_custom_a880c0c6 height_small\"><div class=\"l-section-h i-cf\"><div class=\"g-cols vc_row via_flex valign_top type_default stacking_default\"><div class=\"vc_col-sm-12 wpb_column vc_column_container\"><div class=\"vc_column-inner\"><div class=\"wpb_wrapper\"><div class=\"g-cols wpb_row via_flex valign_top type_default stacking_default\"><div class=\"vc_col-sm-2 wpb_column vc_column_container\"><div class=\"vc_column-inner us_custom_4af741be\"><div class=\"wpb_wrapper\"><\/div><\/div><\/div><div class=\"vc_col-sm-8 wpb_column vc_column_container\"><div class=\"vc_column-inner us_custom_5848baef\"><div class=\"wpb_wrapper\"><div class=\"wpb_text_column us_custom_4ed7d7aa has_text_color\"><div class=\"wpb_wrapper\"><h3 style=\"text-align: center;\">Noi v\u0103 c\u0103ut\u0103m!<\/h3>\n<\/div><\/div><div class=\"wpb_text_column us_custom_91a3bff6\"><div class=\"wpb_wrapper\"><div class=\"intro-block\">\n<h2>Candidatur\u0103 spontan\u0103<\/h2>\n<p>\u00a0<\/p>\n<\/div>\n<div class=\"block\">Pute\u021bi s\u0103 candida\u021bi spontan. \u00cen orice caz verifica\u021bi \u00een prealabil dac\u0103 g\u0103si\u021bi pe aceast\u0103 pagin\u0103 o ofert\u0103 de loc de munc\u0103 potrivit\u0103. \u00cen calitate de companie inovatoare, ne baz\u0103m pe angaja\u021bi dedica\u021bi cu poten\u021bial ridicat, pe \u00een\u021belegerea tehnologiei \u0219i pe munca de succes \u00een echip\u0103, precum \u0219i pe un obiectiv clar. Dac\u0103 dispune\u021bi de aceste calit\u0103\u021bi, v\u0103 oferim posibilitatea de a deveni parte a unei echipe motivate cu cele mai bune oportunit\u0103\u021bi de dezvoltare. V\u0103 a\u0219teapt\u0103 o activitate diversificat\u0103 \u00eentr-un mediu captivant. Ne bucur\u0103m s\u0103 primim documentele Dvs. de candidatur\u0103 pertinente, preferabil prin e-mail la: bewerbung@lr-automation.de. &#8222;&gt;bewerbung@lr-automation.de. \u00a0<\/div>\n<\/div><\/div><\/div><\/div><\/div><div class=\"vc_col-sm-2 wpb_column vc_column_container\"><div class=\"vc_column-inner us_custom_4af741be\"><div class=\"wpb_wrapper\"><\/div><\/div><\/div><\/div><div class=\"g-cols wpb_row via_flex valign_top type_default stacking_default\"><div class=\"vc_col-sm-2 wpb_column vc_column_container\"><div class=\"vc_column-inner us_custom_4af741be\"><div class=\"wpb_wrapper\"><\/div><\/div><\/div><div class=\"vc_col-sm-8 wpb_column vc_column_container\"><div class=\"vc_column-inner us_custom_5848baef\"><div class=\"wpb_wrapper\"><div class=\"wpb_text_column us_custom_4ed7d7aa has_text_color\"><div class=\"wpb_wrapper\"><h3 style=\"text-align: center;\">Posturi vacante<\/h3>\n<\/div><\/div><div class=\"wpb_text_column us_custom_91a3bff6\"><div class=\"wpb_wrapper\"><p>Din p\u0103cate, nu avem \u00een prezent posturi vacante online, dar a\u0219tept\u0103m candidatura Dvs. spontan\u0103.<\/p>\n<\/div><\/div><\/div><\/div><\/div><div class=\"vc_col-sm-2 wpb_column vc_column_container\"><div class=\"vc_column-inner us_custom_4af741be\"><div class=\"wpb_wrapper\"><\/div><\/div><\/div><\/div><\/div><\/div><\/div><\/div><\/div><\/section>\n","protected":false},"excerpt":{"rendered":"Carier\u0103 [vc_separator color=\"custom\" align=\"align_left\" border_width=\"5\" el_width=\"50\" accent_color=\"#ffffff\" css=\".vc_custom_1582037704802{margin-bottom: 40px !important;}\" el_class=\"border-width-100px\"]Noi v\u0103 c\u0103ut\u0103m! Candidatur\u0103 spontan\u0103 \u00a0 Pute\u021bi s\u0103 candida\u021bi spontan. \u00cen orice caz verifica\u021bi \u00een prealabil dac\u0103 g\u0103si\u021bi pe aceast\u0103 pagin\u0103 o ofert\u0103 de loc de munc\u0103 potrivit\u0103. \u00cen calitate de companie inovatoare, ne baz\u0103m pe angaja\u021bi dedica\u021bi cu poten\u021bial ridicat, pe \u00een\u021belegerea tehnologiei \u0219i...","protected":false},"author":4,"featured_media":0,"parent":0,"menu_order":0,"comment_status":"closed","ping_status":"closed","template":"","meta":{"footnotes":""},"class_list":["post-3376","page","type-page","status-publish","hentry"],"jetpack_sharing_enabled":true,"_links":{"self":[{"href":"https:\/\/www.lr-automation.de\/ro\/wp-json\/wp\/v2\/pages\/3376","targetHints":{"allow":["GET"]}}],"collection":[{"href":"https:\/\/www.lr-automation.de\/ro\/wp-json\/wp\/v2\/pages"}],"about":[{"href":"https:\/\/www.lr-automation.de\/ro\/wp-json\/wp\/v2\/types\/page"}],"author":[{"embeddable":true,"href":"https:\/\/www.lr-automation.de\/ro\/wp-json\/wp\/v2\/users\/4"}],"replies":[{"embeddable":true,"href":"https:\/\/www.lr-automation.de\/ro\/wp-json\/wp\/v2\/comments?post=3376"}],"version-history":[{"count":6,"href":"https:\/\/www.lr-automation.de\/ro\/wp-json\/wp\/v2\/pages\/3376\/revisions"}],"predecessor-version":[{"id":3414,"href":"https:\/\/www.lr-automation.de\/ro\/wp-json\/wp\/v2\/pages\/3376\/revisions\/3414"}],"wp:attachment":[{"href":"https:\/\/www.lr-automation.de\/ro\/wp-json\/wp\/v2\/media?parent=3376"}],"curies":[{"name":"wp","href":"https:\/\/api.w.org\/{rel}","templated":true}]}}