{"id":3048,"date":"2020-01-15T11:13:25","date_gmt":"2020-01-15T10:13:25","guid":{"rendered":"https:\/\/www.lr-automation.de\/was-koennen-wir\/"},"modified":"2020-11-23T11:48:52","modified_gmt":"2020-11-23T10:48:52","slug":"ce-putem-face","status":"publish","type":"page","link":"https:\/\/www.lr-automation.de\/ro\/ce-putem-face\/","title":{"rendered":"Ce \u0219tim s\u0103 facem\u2026"},"content":{"rendered":"<section class=\"l-section wpb_row us_custom_40744a66 height_small\"><div class=\"l-section-h i-cf\"><div class=\"g-cols vc_row via_flex valign_top type_default stacking_default\"><div class=\"vc_col-sm-12 wpb_column vc_column_container us_animate_afb\" style=\"animation-delay:0.6s\"><div class=\"vc_column-inner\"><div class=\"wpb_wrapper\"><div class=\"wpb_text_column us_custom_b93d6a2e has_text_color\"><div class=\"wpb_wrapper\"><h1 style=\"text-align: center;\">Ce \u0219tim s\u0103 facem\u2026<\/h1>\n<\/div><\/div><div class=\"wpb_text_column us_custom_6df4bc3a has_text_color\"><div class=\"wpb_wrapper\"><h4 style=\"text-align: center;\">Suntem specializa\u021bi \u00een prelucrarea componentelor din plastic, dar \u0219tim s\u0103 facem \u0219i altele\u2026<\/h4>\n<\/div><\/div><\/div><\/div><\/div><\/div><\/div><\/section><section class=\"l-section wpb_row us_custom_bb03f108 height_small width_full\"><div class=\"l-section-h i-cf\"><div class=\"g-cols vc_row via_flex valign_middle type_boxes stacking_default\"><div class=\"vc_col-sm-6 wpb_column vc_column_container us_animate_afb\" style=\"animation-delay:0.8s\"><div class=\"vc_column-inner us_custom_2f446626\"><div class=\"wpb_wrapper\"><div class=\"wpb_text_column us_custom_50cc7d67\"><div class=\"wpb_wrapper\"><h2 style=\"text-align: left;\">Construc\u021bia de dispozitive \/ <span style=\"color: #006553;\">construc\u021bia de utilaje speciale<\/span><\/h2>\n<\/div><\/div>[vc_separator color=&#8221;custom&#8221; align=&#8221;align_left&#8221; border_width=&#8221;5&#8243; el_width=&#8221;50&#8243; accent_color=&#8221;#006553&#8243; css=&#8221;.vc_custom_1580724310200{margin-bottom: 40px !important;}&#8221; el_class=&#8221;border-width-100px&#8221;]<div class=\"wpb_text_column us_custom_af6a9b6a\"><div class=\"wpb_wrapper\"><p>Confec\u021bion\u0103m pentru Dvs. dispozitive pentru montaj, sudur\u0103 cu ultrasunete, verificarea etan\u0219eit\u0103\u021bii sau o combina\u021bie din aceste sarcini. \u00cen acest sens folosim componentele partenerilor no\u0219tri, dac\u0103 este posibil, sau integr\u0103m produc\u0103torii pe care \u00eei dori\u021bi.<br \/>\nPrin automatizarea par\u021bial\u0103 sau complet\u0103 a acestor procese, v\u0103 degrev\u0103m angaja\u021bii sau v\u0103 oferim posibilitatea de a utiliza angaja\u021bii \u00een mod profitabil \u00een alte func\u021bii.<br \/>\nUtilajele speciale pe care le construim sunt proiectate de echipa noastr\u0103 special pentru procesul dvs. de produc\u021bie \u0219i dorin\u021bele dvs.<\/p>\n<\/div><\/div><\/div><\/div><\/div><div class=\"vc_col-sm-6 wpb_column vc_column_container has_bg_color us_animate_afb\" style=\"animation-delay:0.8s\"><div class=\"vc_column-inner us_custom_a2b9b81d\"><div class=\"wpb_wrapper\"><div class=\"g-cols wpb_row via_flex valign_top type_default stacking_default\"><div class=\"vc_col-sm-12 wpb_column vc_column_container\"><div class=\"vc_column-inner\"><div class=\"wpb_wrapper\"><div class=\"wpb_text_column\"><div class=\"wpb_wrapper\"><h3 style=\"text-align: center;\"><span style=\"color: #ffffff;\">Bine de \u0219tiut:<\/span><\/h3>\n<h5 style=\"text-align: center;\"><span style=\"color: #ffffff;\">V\u0103 \u00eentre\u021bine\u021bi propriul echipament \u0219i ave\u021bi nevoie doar de asisten\u021b\u0103 \u00een proiectare, dar dori\u021bi s\u0103 \u00eel produce\u021bi \u00een<br \/>\npropria companie? Adresa\u021bi-v\u0103 nou\u0103, vom g\u0103si o cale comun\u0103!<br \/>\n<\/span><\/h5>\n<\/div><\/div><div class=\"w-btn-wrapper align_center\"><a class=\"w-btn us-btn-style_12 us_custom_af6a9b6a\" title=\"Contact\" href=\"https:\/\/www.lr-automation.de\/ro\/contact\/\"><span class=\"w-btn-label\">Contact<\/span><\/a><\/div><\/div><\/div><\/div><\/div><\/div><\/div><\/div><\/div><\/div><\/section><section class=\"l-section wpb_row us_custom_cd224be6 height_small\"><div class=\"l-section-h i-cf\"><div class=\"g-cols vc_row via_flex valign_top type_default stacking_default\"><div class=\"vc_col-sm-12 wpb_column vc_column_container\"><div class=\"vc_column-inner us_custom_2774bef1\"><div class=\"wpb_wrapper\"><div class=\"g-cols wpb_row us_custom_29a0f245 via_flex valign_top type_default stacking_default\"><div class=\"vc_col-sm-12 wpb_column vc_column_container us_animate_afb\" style=\"animation-delay:0.6s\"><div class=\"vc_column-inner us_custom_29a0f245\"><div class=\"wpb_wrapper\"><div class=\"wpb_text_column us_custom_539f15ee\"><div class=\"wpb_wrapper\"><h2 style=\"text-align: center;\"><span style=\"color: #006553;\">Etapele noastre 5+1 pentru<br \/>\no colaborare de succes:<br \/>\n<\/span><\/h2>\n<\/div><\/div>[vc_separator color=&#8221;custom&#8221; border_width=&#8221;5&#8243; el_width=&#8221;50&#8243; accent_color=&#8221;#006553&#8243; css=&#8221;.vc_custom_1580724364265{margin-bottom: 40px !important;}&#8221; el_class=&#8221;border-width-100px&#8221;]<\/div><\/div><\/div><\/div><\/div><\/div><\/div><\/div><\/div><\/section><section class=\"l-section wpb_row us_custom_080e6669 height_small\"><div class=\"l-section-h i-cf\"><div class=\"g-cols vc_row via_flex valign_top type_default stacking_default\"><div class=\"vc_col-sm-12 wpb_column vc_column_container\"><div class=\"vc_column-inner\"><div class=\"wpb_wrapper\"><div class=\"g-cols wpb_row via_flex valign_top type_default stacking_default\"><div class=\"vc_col-sm-12 wpb_column vc_column_container us_animate_afb\" style=\"animation-delay:0.6s\"><div class=\"vc_column-inner\"><div class=\"wpb_wrapper\"><div class=\"wpb_text_column us_custom_1b8fb431\"><div class=\"wpb_wrapper\"><p style=\"text-align: center;\"><span style=\"color: #006553;\">1<\/span>\/5<\/p>\n<\/div><\/div><\/div><\/div><\/div><\/div><div class=\"g-cols wpb_row via_flex valign_top type_default stacking_default\"><div class=\"vc_col-sm-2 wpb_column vc_column_container\"><div class=\"vc_column-inner\"><div class=\"wpb_wrapper\"><\/div><\/div><\/div><div class=\"vc_col-sm-8 wpb_column vc_column_container us_animate_afb\" style=\"animation-delay:0.6s\"><div class=\"vc_column-inner us_custom_447bff20\"><div class=\"wpb_wrapper\"><div class=\"wpb_text_column us_custom_51e8865c\"><div class=\"wpb_wrapper\"><h4 style=\"text-align: center;\"><span style=\"color: #006553;\">Proiectare<\/span><\/h4>\n<p style=\"text-align: center;\">Managementul nostru de proiect elaboreaz\u0103 \u00een str\u00e2ns\u0103 consultare<br \/>\ncu Dvs. un program \u0219i v\u0103 informeaz\u0103 despre derularea proiectului pentru transparen\u021b\u0103 maxim\u0103.<\/p>\n<\/div><\/div><\/div><\/div><\/div><div class=\"vc_col-sm-2 wpb_column vc_column_container\"><div class=\"vc_column-inner\"><div class=\"wpb_wrapper\"><\/div><\/div><\/div><\/div><\/div><\/div><\/div><\/div><\/div><\/section><section class=\"l-section wpb_row us_custom_f64b08dc height_small\"><div class=\"l-section-h i-cf\"><div class=\"g-cols vc_row via_flex valign_top type_default stacking_default\"><div class=\"vc_col-sm-12 wpb_column vc_column_container\"><div class=\"vc_column-inner\"><div class=\"wpb_wrapper\"><div class=\"g-cols wpb_row via_flex valign_top type_default stacking_default\"><div class=\"vc_col-sm-12 wpb_column vc_column_container has_bg_color us_animate_afb\" style=\"animation-delay:0.6s\"><div class=\"vc_column-inner us_custom_1f2df824\"><div class=\"wpb_wrapper\"><\/div><\/div><\/div><\/div><div class=\"g-cols wpb_row via_flex valign_top type_default stacking_default\"><div class=\"vc_col-sm-12 wpb_column vc_column_container us_animate_afb\" style=\"animation-delay:0.6s\"><div class=\"vc_column-inner us_custom_916d5e53\"><div class=\"wpb_wrapper\"><div class=\"wpb_text_column us_custom_1b8fb431\"><div class=\"wpb_wrapper\"><p style=\"text-align: center;\"><span style=\"color: #006553;\">2<\/span>\/5<\/p>\n<\/div><\/div><\/div><\/div><\/div><\/div><div class=\"g-cols wpb_row via_flex valign_top type_default stacking_default\"><div class=\"vc_col-sm-2 wpb_column vc_column_container\"><div class=\"vc_column-inner\"><div class=\"wpb_wrapper\"><\/div><\/div><\/div><div class=\"vc_col-sm-8 wpb_column vc_column_container us_animate_afb\" style=\"animation-delay:0.6s\"><div class=\"vc_column-inner us_custom_447bff20\"><div class=\"wpb_wrapper\"><div class=\"wpb_text_column us_custom_51e8865c\"><div class=\"wpb_wrapper\"><h4 style=\"text-align: center;\"><span style=\"color: #006553;\">Dezvoltare \/ construc\u021bie <\/span><\/h4>\n<p style=\"text-align: center;\">\u00centr-o echip\u0103 de speciali\u0219ti, proiectan\u021bi, programatori \u0219i dumneavoastr\u0103, dezvolt\u0103m idei \u0219i solu\u021bii.<\/p>\n<p style=\"text-align: center;\">\u00centr-o echip\u0103 cu speciali\u0219tii no\u0219tri, proiectan\u021bi, programatori \u0219i Dvs., dezvolt\u0103m idei \u0219i solu\u021bii.<br \/>\nDup\u0103 ce aceste idei sunt dezvoltate, construc\u021bia este realizat\u0103, care este transformat\u0103 \u00een realitate numai dac\u0103 noi \u0219i voi suntem, f\u0103r\u0103 \u00eendoial\u0103, convin\u0219i de func\u021bionalitate.<\/p>\n<\/div><\/div><\/div><\/div><\/div><div class=\"vc_col-sm-2 wpb_column vc_column_container\"><div class=\"vc_column-inner\"><div class=\"wpb_wrapper\"><\/div><\/div><\/div><\/div><\/div><\/div><\/div><\/div><\/div><\/section><section class=\"l-section wpb_row us_custom_f64b08dc height_small\"><div class=\"l-section-h i-cf\"><div class=\"g-cols vc_row via_flex valign_top type_default stacking_default\"><div class=\"vc_col-sm-12 wpb_column vc_column_container\"><div class=\"vc_column-inner\"><div class=\"wpb_wrapper\"><div class=\"g-cols wpb_row via_flex valign_top type_default stacking_default\"><div class=\"vc_col-sm-12 wpb_column vc_column_container has_bg_color us_animate_afb\" style=\"animation-delay:0.6s\"><div class=\"vc_column-inner us_custom_1f2df824\"><div class=\"wpb_wrapper\"><\/div><\/div><\/div><\/div><div class=\"g-cols wpb_row via_flex valign_top type_default stacking_default\"><div class=\"vc_col-sm-12 wpb_column vc_column_container us_animate_afb\" style=\"animation-delay:0.6s\"><div class=\"vc_column-inner us_custom_916d5e53\"><div class=\"wpb_wrapper\"><div class=\"wpb_text_column us_custom_1b8fb431\"><div class=\"wpb_wrapper\"><p style=\"text-align: center;\"><span style=\"color: #006553;\">3<\/span>\/5<\/p>\n<\/div><\/div><\/div><\/div><\/div><\/div><div class=\"g-cols wpb_row via_flex valign_top type_default stacking_default\"><div class=\"vc_col-sm-2 wpb_column vc_column_container\"><div class=\"vc_column-inner\"><div class=\"wpb_wrapper\"><\/div><\/div><\/div><div class=\"vc_col-sm-8 wpb_column vc_column_container us_animate_afb\" style=\"animation-delay:0.6s\"><div class=\"vc_column-inner us_custom_447bff20\"><div class=\"wpb_wrapper\"><div class=\"wpb_text_column us_custom_51e8865c\"><div class=\"wpb_wrapper\"><h4 style=\"text-align: center;\"><span style=\"color: #006553;\">Produc\u021bie \u0219i montaj<\/span><\/h4>\n<p style=\"text-align: center;\">Dup\u0103 aprobarea cu succes a formatului\/designului, \u00eencepem cu produc\u021bia \u0219i achizi\u021bionarea componentelor individuale, cre\u0103m panoul de control, asambl\u0103m toate componentele \u0219i cabl\u0103m utilajul complet.<\/p>\n<\/div><\/div><\/div><\/div><\/div><div class=\"vc_col-sm-2 wpb_column vc_column_container\"><div class=\"vc_column-inner\"><div class=\"wpb_wrapper\"><\/div><\/div><\/div><\/div><\/div><\/div><\/div><\/div><\/div><\/section><section class=\"l-section wpb_row us_custom_f64b08dc height_small\"><div class=\"l-section-h i-cf\"><div class=\"g-cols vc_row via_flex valign_top type_default stacking_default\"><div class=\"vc_col-sm-12 wpb_column vc_column_container\"><div class=\"vc_column-inner\"><div class=\"wpb_wrapper\"><div class=\"g-cols wpb_row via_flex valign_top type_default stacking_default\"><div class=\"vc_col-sm-12 wpb_column vc_column_container has_bg_color us_animate_afb\" style=\"animation-delay:0.6s\"><div class=\"vc_column-inner us_custom_1f2df824\"><div class=\"wpb_wrapper\"><\/div><\/div><\/div><\/div><div class=\"g-cols wpb_row via_flex valign_top type_default stacking_default\"><div class=\"vc_col-sm-12 wpb_column vc_column_container us_animate_afb\" style=\"animation-delay:0.6s\"><div class=\"vc_column-inner us_custom_916d5e53\"><div class=\"wpb_wrapper\"><div class=\"wpb_text_column us_custom_1b8fb431\"><div class=\"wpb_wrapper\"><p style=\"text-align: center;\"><span style=\"color: #006553;\">4<\/span>\/5<\/p>\n<\/div><\/div><\/div><\/div><\/div><\/div><div class=\"g-cols wpb_row via_flex valign_top type_default stacking_default\"><div class=\"vc_col-sm-2 wpb_column vc_column_container\"><div class=\"vc_column-inner\"><div class=\"wpb_wrapper\"><\/div><\/div><\/div><div class=\"vc_col-sm-8 wpb_column vc_column_container us_animate_afb\" style=\"animation-delay:0.6s\"><div class=\"vc_column-inner us_custom_447bff20\"><div class=\"wpb_wrapper\"><div class=\"wpb_text_column us_custom_51e8865c\"><div class=\"wpb_wrapper\"><h4 style=\"text-align: center;\"><span style=\"color: #006553;\">Dezvoltarea de software<\/span><\/h4>\n<p style=\"text-align: center;\">\u00cen paralel cu montajul \u00eencepe dezvoltarea software-ului SPS, precum \u0219i vizualizarea interfe\u021bei om-utilaj (HMI) \u0219i produc\u021bia de interfe\u021be pentru comunicarea cu alte piese de utilaje sau infrastructur\u0103.<\/p>\n<\/div><\/div><\/div><\/div><\/div><div class=\"vc_col-sm-2 wpb_column vc_column_container\"><div class=\"vc_column-inner\"><div class=\"wpb_wrapper\"><\/div><\/div><\/div><\/div><\/div><\/div><\/div><\/div><\/div><\/section><section class=\"l-section wpb_row us_custom_f64b08dc height_small\"><div class=\"l-section-h i-cf\"><div class=\"g-cols vc_row via_flex valign_top type_default stacking_default\"><div class=\"vc_col-sm-12 wpb_column vc_column_container\"><div class=\"vc_column-inner\"><div class=\"wpb_wrapper\"><div class=\"g-cols wpb_row via_flex valign_top type_default stacking_default\"><div class=\"vc_col-sm-12 wpb_column vc_column_container has_bg_color us_animate_afb\" style=\"animation-delay:0.6s\"><div class=\"vc_column-inner us_custom_1f2df824\"><div class=\"wpb_wrapper\"><\/div><\/div><\/div><\/div><div class=\"g-cols wpb_row via_flex valign_top type_default stacking_default\"><div class=\"vc_col-sm-12 wpb_column vc_column_container us_animate_afb\" style=\"animation-delay:0.6s\"><div class=\"vc_column-inner us_custom_916d5e53\"><div class=\"wpb_wrapper\"><div class=\"wpb_text_column us_custom_1b8fb431\"><div class=\"wpb_wrapper\"><p style=\"text-align: center;\"><span style=\"color: #006553;\">5<\/span>\/5<\/p>\n<\/div><\/div><\/div><\/div><\/div><\/div><div class=\"g-cols wpb_row via_flex valign_top type_default stacking_default\"><div class=\"vc_col-sm-2 wpb_column vc_column_container\"><div class=\"vc_column-inner\"><div class=\"wpb_wrapper\"><\/div><\/div><\/div><div class=\"vc_col-sm-8 wpb_column vc_column_container us_animate_afb\" style=\"animation-delay:0.6s\"><div class=\"vc_column-inner us_custom_447bff20\"><div class=\"wpb_wrapper\"><div class=\"wpb_text_column us_custom_51e8865c\"><div class=\"wpb_wrapper\"><h4 style=\"text-align: center;\"><span style=\"color: #006553;\">Punerea \u00een func\u021biune<\/span><\/h4>\n<p style=\"text-align: center;\">Punerea \u00een func\u021biune are loc, de regul\u0103, \u00een dou\u0103 etape: \u00cen primul r\u00e2nd, testarea \u0219i evaluarea utilajului \u00een compania noastr\u0103 \u0219i \u00een a doua etap\u0103 repunere \u00een func\u021biune, instruire \u0219i recep\u021bie la compania dumneavoastr\u0103.<\/p>\n<\/div><\/div><\/div><\/div><\/div><div class=\"vc_col-sm-2 wpb_column vc_column_container\"><div class=\"vc_column-inner\"><div class=\"wpb_wrapper\"><\/div><\/div><\/div><\/div><\/div><\/div><\/div><\/div><\/div><\/section><section class=\"l-section wpb_row us_custom_e56e1a5a height_small\"><div class=\"l-section-h i-cf\"><div class=\"g-cols vc_row via_flex valign_top type_default stacking_default\"><div class=\"vc_col-sm-12 wpb_column vc_column_container\"><div class=\"vc_column-inner\"><div class=\"wpb_wrapper\"><div class=\"g-cols wpb_row via_flex valign_top type_default stacking_default\"><div class=\"vc_col-sm-12 wpb_column vc_column_container has_bg_color us_animate_afb\" style=\"animation-delay:0.6s\"><div class=\"vc_column-inner us_custom_1f2df824\"><div class=\"wpb_wrapper\"><\/div><\/div><\/div><\/div><div class=\"g-cols wpb_row via_flex valign_top type_default stacking_default\"><div class=\"vc_col-sm-12 wpb_column vc_column_container us_animate_afb\" style=\"animation-delay:0.6s\"><div class=\"vc_column-inner us_custom_916d5e53\"><div class=\"wpb_wrapper\"><div class=\"wpb_text_column us_custom_1b8fb431\"><div class=\"wpb_wrapper\"><p style=\"text-align: center;\"><span style=\"color: #006553;\">+1<br \/>\n<\/span><\/p>\n<\/div><\/div><\/div><\/div><\/div><\/div><div class=\"g-cols wpb_row via_flex valign_top type_default stacking_default\"><div class=\"vc_col-sm-2 wpb_column vc_column_container\"><div class=\"vc_column-inner\"><div class=\"wpb_wrapper\"><\/div><\/div><\/div><div class=\"vc_col-sm-8 wpb_column vc_column_container us_animate_afb\" style=\"animation-delay:0.6s\"><div class=\"vc_column-inner\"><div class=\"wpb_wrapper\"><div class=\"wpb_text_column us_custom_55f9fe2f\"><div class=\"wpb_wrapper\"><h4 style=\"text-align: center;\"><span style=\"color: #ffffff;\">Mentenan\u021ba<\/span><\/h4>\n<p style=\"text-align: center;\"><span style=\"color: #ffffff;\">Prin utilizarea serviciului nostru de asisten\u021b\u0103, minimiz\u0103m incidentele nea\u0219teptate \u0219i extindem ciclul de via\u021b\u0103 al utilajului la maximum. <\/span><\/p>\n<p style=\"text-align: center;\"><span style=\"color: #ffffff;\"><strong><em>Nimeni nu cunoa\u0219te utilajul at\u00e2t de bine ca cel care l-a construit!<\/em><\/strong><\/span><\/p>\n<\/div><\/div><\/div><\/div><\/div><div class=\"vc_col-sm-2 wpb_column vc_column_container\"><div class=\"vc_column-inner\"><div class=\"wpb_wrapper\"><\/div><\/div><\/div><\/div><\/div><\/div><\/div><\/div><\/div><\/section>\n","protected":false},"excerpt":{"rendered":"Ce \u0219tim s\u0103 facem\u2026 Suntem specializa\u021bi \u00een prelucrarea componentelor din plastic, dar \u0219tim s\u0103 facem \u0219i altele\u2026 Construc\u021bia de dispozitive \/ construc\u021bia de utilaje speciale [vc_separator color=\"custom\" align=\"align_left\" border_width=\"5\" el_width=\"50\" accent_color=\"#006553\" css=\".vc_custom_1580724310200{margin-bottom: 40px !important;}\" el_class=\"border-width-100px\"]Confec\u021bion\u0103m pentru Dvs. dispozitive pentru montaj, sudur\u0103 cu ultrasunete, verificarea etan\u0219eit\u0103\u021bii sau o combina\u021bie din aceste sarcini. \u00cen acest sens folosim...","protected":false},"author":4,"featured_media":0,"parent":0,"menu_order":0,"comment_status":"closed","ping_status":"closed","template":"","meta":{"footnotes":""},"class_list":["post-3048","page","type-page","status-publish","hentry"],"jetpack_sharing_enabled":true,"_links":{"self":[{"href":"https:\/\/www.lr-automation.de\/ro\/wp-json\/wp\/v2\/pages\/3048","targetHints":{"allow":["GET"]}}],"collection":[{"href":"https:\/\/www.lr-automation.de\/ro\/wp-json\/wp\/v2\/pages"}],"about":[{"href":"https:\/\/www.lr-automation.de\/ro\/wp-json\/wp\/v2\/types\/page"}],"author":[{"embeddable":true,"href":"https:\/\/www.lr-automation.de\/ro\/wp-json\/wp\/v2\/users\/4"}],"replies":[{"embeddable":true,"href":"https:\/\/www.lr-automation.de\/ro\/wp-json\/wp\/v2\/comments?post=3048"}],"version-history":[{"count":14,"href":"https:\/\/www.lr-automation.de\/ro\/wp-json\/wp\/v2\/pages\/3048\/revisions"}],"predecessor-version":[{"id":3426,"href":"https:\/\/www.lr-automation.de\/ro\/wp-json\/wp\/v2\/pages\/3048\/revisions\/3426"}],"wp:attachment":[{"href":"https:\/\/www.lr-automation.de\/ro\/wp-json\/wp\/v2\/media?parent=3048"}],"curies":[{"name":"wp","href":"https:\/\/api.w.org\/{rel}","templated":true}]}}