{"id":2940,"date":"2016-10-06T10:30:10","date_gmt":"2016-10-06T10:30:10","guid":{"rendered":"https:\/\/www.lr-automation.de\/home\/"},"modified":"2020-05-19T10:37:55","modified_gmt":"2020-05-19T08:37:55","slug":"home","status":"publish","type":"page","link":"https:\/\/www.lr-automation.de\/ro\/home\/","title":{"rendered":"Pagina principala"},"content":{"rendered":"<section class=\"l-section wpb_row us_custom_584b024b height_medium with_img parallax_ver\"><div class=\"l-section-img\" role=\"img\" aria-label=\"Leiterkarte LR-Automation\" data-img-width=\"1920\" data-img-height=\"1080\" style=\"background-image: url(https:\/\/www.lr-automation.de\/wp-content\/uploads\/leiterkarte-lra-001-1.jpg);background-repeat: no-repeat;\"><\/div><div class=\"l-section-h i-cf\"><div class=\"g-cols vc_row via_flex valign_bottom type_default stacking_default\"><div class=\"vc_col-sm-8 wpb_column vc_column_container us_animate_fade\" style=\"animation-delay:0.6s\"><div class=\"vc_column-inner us_custom_be6b7d64\"><div class=\"wpb_wrapper\"><div class=\"g-cols wpb_row via_flex valign_top type_default stacking_default\"><div class=\"vc_col-sm-12 wpb_column vc_column_container\"><div class=\"vc_column-inner\"><div class=\"wpb_wrapper\"><div class=\"w-btn-wrapper align_none\"><a class=\"w-btn us-btn-style_11\" title=\"#Covid-19\" href=\"\/?page_id=2864\"><span class=\"w-btn-label\">#Covid-19 Sudarea cu ultrasunete a m\u0103\u0219tilor de protec\u021bie respiratorie<\/span><\/a><\/div><div class=\"wpb_text_column us_custom_f0cf5cf7\"><div class=\"wpb_wrapper\"><h1 class=\"headline-hero\"><span style=\"color: #ffffff; font-weight: 400;\">Automation <\/span><span style=\"color: #00dbb4;\"><strong>4.0<\/strong><\/span><\/h1>\n<\/div><\/div>[vc_separator color=&#8221;custom&#8221; align=&#8221;align_left&#8221; border_width=&#8221;5&#8243; el_width=&#8221;50&#8243; accent_color=&#8221;#ffffff&#8221; css=&#8221;.vc_custom_1580802903712{margin-bottom: 40px !important;}&#8221; el_class=&#8221;border-width-100px&#8221;]<div class=\"wpb_text_column us_custom_2dbf7b3f\"><div class=\"wpb_wrapper\"><h4><span style=\"color: #ffffff;\">Partenerul dumneavostr\u0103 pentru implementarea proceselor suport<\/span><\/h4>\n<\/div><\/div><\/div><\/div><\/div><\/div><div class=\"g-cols wpb_row via_flex valign_top type_default stacking_default\"><div class=\"vc_col-sm-12 wpb_column vc_column_container us_animate_fade\" style=\"animation-delay:0.8s\"><div class=\"vc_column-inner\"><div class=\"wpb_wrapper\"><div class=\"w-btn-wrapper align_none\"><a class=\"w-btn us-btn-style_12 us_custom_03ffc818\" title=\"ce putem face\" href=\"https:\/\/www.lr-automation.de\/ro\/ce-putem-face\/\"><span class=\"w-btn-label\">afla\u021bi mai multe<\/span><\/a><\/div><\/div><\/div><\/div><\/div><\/div><\/div><\/div><div class=\"vc_col-sm-4 wpb_column vc_column_container us_animate_fade\" style=\"animation-delay:0.6s\"><div class=\"vc_column-inner us_custom_8e6b58cc\"><div class=\"wpb_wrapper\"><\/div><\/div><\/div><\/div><\/div><\/section><section class=\"l-section wpb_row us_custom_ba5d8206 height_small width_full\"><div class=\"l-section-h i-cf\"><div class=\"g-cols vc_row via_flex valign_middle type_default stacking_default\"><div class=\"vc_col-sm-12 wpb_column vc_column_container\"><div class=\"vc_column-inner\"><div class=\"wpb_wrapper\"><div class=\"g-cols wpb_row us_custom_3ef3a28d via_flex valign_middle type_default stacking_default\"><div class=\"vc_col-sm-6 wpb_column vc_column_container has_bg_color us_animate_afb\"><div class=\"vc_column-inner us_custom_928a7742\"><div class=\"wpb_wrapper\"><div class=\"wpb_text_column us_custom_b93d6a2e has_text_color\"><div class=\"wpb_wrapper\"><h4>Pentru progresul proceselor<\/h4>\n<\/div><\/div>[vc_separator color=&#8221;custom&#8221; align=&#8221;align_left&#8221; border_width=&#8221;5&#8243; el_width=&#8221;50&#8243; accent_color=&#8221;#00dbb4&#8243; css=&#8221;.vc_custom_1580731144005{margin-bottom: 40px !important;}&#8221; el_class=&#8221;border-width-100px&#8221;]<div class=\"wpb_text_column us_custom_5a8782bb has_text_color\"><div class=\"wpb_wrapper\"><h2><span style=\"color: #ffffff;\">\u00een strans\u0103 cooperare vom g\u0103si solu\u021bia potrivit\u0103<br \/>\n<\/span><\/h2>\n<\/div><\/div><\/div><\/div><\/div><div class=\"vc_col-sm-6 wpb_column vc_column_container has_bg_color us_animate_afb\" style=\"animation-delay:0.6s\"><div class=\"vc_column-inner us_custom_210f6c59\"><div class=\"wpb_wrapper\"><div class=\"wpb_text_column\"><div class=\"wpb_wrapper\"><\/div><\/div><\/div><\/div><\/div><\/div><\/div><\/div><\/div><\/div><\/div><\/section><section class=\"l-section wpb_row us_custom_95bf8115 height_small\"><div class=\"l-section-h i-cf\"><div class=\"g-cols vc_row via_flex valign_top type_default stacking_default\"><div class=\"vc_col-sm-12 wpb_column vc_column_container us_animate_afb\"><div class=\"vc_column-inner\"><div class=\"wpb_wrapper\"><div class=\"g-cols wpb_row via_flex valign_top type_default stacking_default\"><div class=\"vc_col-sm-2 wpb_column vc_column_container\"><div class=\"vc_column-inner\"><div class=\"wpb_wrapper\"><\/div><\/div><\/div><div class=\"vc_col-sm-8 wpb_column vc_column_container us_animate_fade\" style=\"animation-delay:0.6s\"><div class=\"vc_column-inner us_custom_2dbf7b3f\"><div class=\"wpb_wrapper\"><div class=\"wpb_text_column us_custom_50cc7d67\"><div class=\"wpb_wrapper\"><h2 style=\"text-align: center;\">\u201eProgresul \u00eenseamn\u0103 \u00een esen\u021b\u0103 s\u0103 vrei s\u0103 progresezi.\u201d<\/h2>\n<\/div><\/div>[vc_separator color=&#8221;custom&#8221; border_width=&#8221;5&#8243; el_width=&#8221;50&#8243; accent_color=&#8221;#006553&#8243; css=&#8221;.vc_custom_1580729868860{margin-bottom: 40px !important;}&#8221; el_class=&#8221;border-width-100px&#8221;]<div class=\"wpb_text_column us_custom_3f857c0d\"><div class=\"wpb_wrapper\"><p style=\"text-align: center;\">Aceast\u0103 veche \u00een\u021belepciune ne motiveaz\u0103 \u00een fiecare zi s\u0103 facem imposibilul posibil pentru \u0219i cu clien\u021bii no\u0219tri!<\/p>\n<p style=\"text-align: center;\">Astfel planific\u0103m, dezvolt\u0103m, proiect\u0103m, program\u0103m, asambl\u0103m \u0219i test\u0103m dispozitive, ma\u0219ini speciale \u0219i automatiz\u0103ri pentru a cre\u0219te eficien\u021ba proceselor dvs. \u0219i pentru a v\u0103 degaja cea mai important\u0103 resurs\u0103: angajatul.<\/p>\n<p style=\"text-align: center;\"><span style=\"color: #373a3b;\">\u00a0<\/span><\/p>\n<\/div><\/div><\/div><\/div><\/div><div class=\"vc_col-sm-2 wpb_column vc_column_container\"><div class=\"vc_column-inner\"><div class=\"wpb_wrapper\"><\/div><\/div><\/div><\/div><div class=\"g-cols wpb_row via_flex valign_top type_default stacking_default\"><div class=\"vc_col-sm-2 wpb_column vc_column_container\"><div class=\"vc_column-inner\"><div class=\"wpb_wrapper\"><\/div><\/div><\/div><div class=\"vc_col-sm-8 wpb_column vc_column_container us_animate_fade\" style=\"animation-delay:0.6s\"><div class=\"vc_column-inner\"><div class=\"wpb_wrapper\"><div class=\"wpb_text_column us_custom_9f60a3d0\"><div class=\"wpb_wrapper\"><h5 style=\"text-align: center;\"><span style=\"color: #373a3b;\">contacta\u0163i-ne telefonic sau scrie\u021bi un email.<\/span><\/h5>\n<\/div><\/div><div class=\"w-hwrapper valign_top wrap align_center\"><div class=\"w-iconbox iconpos_left style_default color_primary align_left no_title icontype_img\"><div class=\"w-iconbox-icon\" style=\"font-size:2rem;\"><svg id=\"Ebene_1\" data-name=\"Ebene 1\" xmlns=\"http:\/\/www.w3.org\/2000\/svg\" viewBox=\"0 0 40 40\"><defs><style>.cls-1{fill:#006553;}<\/style><\/defs><title>icon-phone-lra<\/title><path class=\"cls-1\" d=\"M25.14,9a1,1,0,0,1,1,1V30a1,1,0,0,1-1,1H14.86a1,1,0,0,1-1-1V10a1,1,0,0,1,1-1H25.14m0-2H14.86a3,3,0,0,0-3,3V30a3,3,0,0,0,3,3H25.14a3,3,0,0,0,3-3V10a3,3,0,0,0-3-3Z\"\/><circle class=\"cls-1\" cx=\"20\" cy=\"27.53\" r=\"1.63\"\/><\/svg><\/div><div class=\"w-iconbox-meta\"><div class=\"w-iconbox-text\"><p><strong><a href=\"tel:+4970215714841\"><span style=\"color: #ffffff;\"><span style=\"color: #373a3b;\"><span style=\"color: #ffffff;\"><span style=\"color: #006553;\">+49 (0) 7021 57 148 41<\/span><\/span><\/span><\/span><\/a><\/strong><\/p>\n<\/div><\/div><\/div><div class=\"w-iconbox iconpos_left style_default color_primary align_left no_title icontype_img\"><div class=\"w-iconbox-icon\" style=\"font-size:2rem;\"><svg id=\"Ebene_1\" data-name=\"Ebene 1\" xmlns=\"http:\/\/www.w3.org\/2000\/svg\" viewBox=\"0 0 40 40\"><defs><style>.cls-1{fill:#006553;}<\/style><\/defs><title>icon-mail-lra<\/title><path class=\"cls-1\" d=\"M20,23.65a1,1,0,0,1-.65-.25l-8.14-7a1,1,0,1,1,1.3-1.52L20,21.33l7.49-6.42a1,1,0,1,1,1.3,1.52l-8.14,7A1,1,0,0,1,20,23.65Z\"\/><path class=\"cls-1\" d=\"M30.62,12.1a1,1,0,0,1,1,1V26.9a1,1,0,0,1-1,1H9.38a1,1,0,0,1-1-1V13.1a1,1,0,0,1,1-1H30.62m0-2H9.38a3,3,0,0,0-3,3V26.9a3,3,0,0,0,3,3H30.62a3,3,0,0,0,3-3V13.1a3,3,0,0,0-3-3Z\"\/><\/svg><\/div><div class=\"w-iconbox-meta\"><div class=\"w-iconbox-text\"><p><span style=\"color: #006553;\"><a style=\"color: #006553;\" href=\"mailto:anfrage@lr-automation.de\"><strong>anfrage@lr-automation.de<\/strong><\/a><\/span><\/p>\n<\/div><\/div><\/div><\/div><\/div><\/div><\/div><div class=\"vc_col-sm-2 wpb_column vc_column_container\"><div class=\"vc_column-inner\"><div class=\"wpb_wrapper\"><\/div><\/div><\/div><\/div><\/div><\/div><\/div><\/div><\/div><\/section><section class=\"l-section wpb_row us_custom_82cabdb6 height_small\"><div class=\"l-section-h i-cf\"><div class=\"g-cols vc_row via_flex valign_top type_default stacking_default\"><div class=\"vc_col-sm-12 wpb_column vc_column_container us_animate_afb\"><div class=\"vc_column-inner\"><div class=\"wpb_wrapper\"><div class=\"g-cols wpb_row us_custom_f25c3eb9 via_flex valign_middle type_default stacking_default\"><div class=\"vc_col-sm-12 wpb_column vc_column_container us_animate_afb\" style=\"animation-delay:0.4s\"><div class=\"vc_column-inner\"><div class=\"wpb_wrapper\"><div class=\"wpb_text_column us_custom_50cc7d67\"><div class=\"wpb_wrapper\"><h4 style=\"text-align: center;\"><span style=\"color: #373a3b;\"><strong>\u00een strans\u0103 cooperare vom g\u0103si solu\u021bia potrivit\u0103<\/strong><\/span><\/h4>\n<\/div><\/div><\/div><\/div><\/div><\/div><div class=\"g-cols wpb_row via_flex valign_top type_default stacking_default\"><div class=\"vc_col-sm-12 wpb_column vc_column_container us_animate_fade\" style=\"animation-delay:0.8s\"><div class=\"vc_column-inner\"><div class=\"wpb_wrapper\"><div class=\"w-btn-wrapper align_center\"><a class=\"w-btn us-btn-style_13\" title=\"ce putem face\" href=\"https:\/\/www.lr-automation.de\/ro\/ce-putem-face\/\"><span class=\"w-btn-label\">afla\u021bi mai multe<\/span><\/a><\/div><\/div><\/div><\/div><\/div><\/div><\/div><\/div><\/div><\/div><\/section><section class=\"l-section wpb_row us_custom_b6a72ce1 img-width-100 height_small width_full\"><div class=\"l-section-h i-cf\"><div class=\"g-cols vc_row via_flex valign_top type_default stacking_default\"><div class=\"vc_col-sm-12 wpb_column vc_column_container us_animate_afb\" style=\"animation-delay:0.4s\"><div class=\"vc_column-inner us_custom_e03708d1\"><div class=\"wpb_wrapper\"><div class=\"g-cols wpb_row us_custom_8a2d1b51 via_flex valign_top type_default stacking_default\"><div class=\"vc_col-sm-3 wpb_column vc_column_container\"><div class=\"vc_column-inner\"><div class=\"wpb_wrapper\"><\/div><\/div><\/div><div class=\"vc_col-sm-6 wpb_column vc_column_container\"><div class=\"vc_column-inner\"><div class=\"wpb_wrapper\"><div class=\"wpb_text_column us_custom_8d5aa4e2\"><div class=\"wpb_wrapper\"><h5 style=\"text-align: center;\"><span style=\"color: #ffffff;\">Ma\u0219inile speciale<\/span><\/h5>\n<h2 style=\"text-align: center;\"><span style=\"color: #ffffff;\">Ma\u0219ini de asamblare<\/span><\/h2>\n<\/div><\/div>[vc_separator color=&#8221;custom&#8221; border_width=&#8221;5&#8243; el_width=&#8221;50&#8243; accent_color=&#8221;#ffffff&#8221; css=&#8221;.vc_custom_1580723913121{margin-bottom: 40px !important;}&#8221; el_class=&#8221;border-width-100px&#8221;]<div class=\"w-btn-wrapper align_center\"><a class=\"w-btn us-btn-style_12 us_custom_0f8f44b7\" title=\"Platine 4.0\" href=\"https:\/\/www.lr-automation.de\/ro\/ce-putem-face\/\"><span class=\"w-btn-label\">afla\u021bi mai multe<\/span><\/a><\/div><\/div><\/div><\/div><div class=\"vc_col-sm-3 wpb_column vc_column_container\"><div class=\"vc_column-inner\"><div class=\"wpb_wrapper\"><\/div><\/div><\/div><\/div><\/div><\/div><\/div><\/div><\/div><\/section><section class=\"l-section wpb_row us_custom_4b3f06fc img-width-100 height_small width_full\"><div class=\"l-section-h i-cf\"><div class=\"g-cols vc_row via_flex valign_top type_default stacking_default\"><div class=\"vc_col-sm-12 wpb_column vc_column_container us_animate_afb\"><div class=\"vc_column-inner us_custom_e03708d1\"><div class=\"wpb_wrapper\"><div class=\"g-cols wpb_row us_custom_c5bab009 via_flex valign_middle type_default stacking_default\" style=\"--additional-gap:10px;\"><div class=\"vc_col-sm-6 wpb_column vc_column_container has_bg_color us_animate_afb\" style=\"animation-delay:0.4s\"><div class=\"vc_column-inner us_custom_1d3426f2\"><div class=\"wpb_wrapper\"><div class=\"wpb_text_column us_custom_8d5aa4e2\"><div class=\"wpb_wrapper\"><h5 style=\"text-align: center;\"><span style=\"color: #ffffff;\">Sudare cu ultrasunete<br \/>\n<\/span><\/h5>\n<h2 style=\"text-align: center;\"><span style=\"color: #ffffff;\">Ma\u0219ini de sudare cu ultrasunete<\/span><\/h2>\n<\/div><\/div>[vc_separator color=&#8221;custom&#8221; border_width=&#8221;5&#8243; el_width=&#8221;50&#8243; accent_color=&#8221;#ffffff&#8221; css=&#8221;.vc_custom_1580723918827{margin-bottom: 40px !important;}&#8221; el_class=&#8221;border-width-100px&#8221;]<div class=\"w-btn-wrapper align_center\"><a class=\"w-btn us-btn-style_12 us_custom_0f8f44b7\" title=\"ce putem face\" href=\"https:\/\/www.lr-automation.de\/ro\/ce-putem-face\/\"><span class=\"w-btn-label\">afla\u021bi mai multe<\/span><\/a><\/div><\/div><\/div><\/div><div class=\"vc_col-sm-6 wpb_column vc_column_container has_bg_color us_animate_afb\" style=\"animation-delay:0.6s\"><div class=\"vc_column-inner us_custom_7f06e468\"><div class=\"wpb_wrapper\"><div class=\"wpb_text_column us_custom_8d5aa4e2\"><div class=\"wpb_wrapper\"><h5 style=\"text-align: center;\"><span style=\"color: #ffffff;\">Dispozitive pentru testarea debitului \u0219i etan\u0219eita\u021bii<\/span><\/h5>\n<h2 style=\"text-align: center;\"><span style=\"color: #ffffff;\">Ma\u0219ini de testare a etan\u0219eita\u021bii<\/span><\/h2>\n<\/div><\/div>[vc_separator color=&#8221;custom&#8221; border_width=&#8221;5&#8243; el_width=&#8221;50&#8243; accent_color=&#8221;#ffffff&#8221; css=&#8221;.vc_custom_1580723924740{margin-bottom: 40px !important;}&#8221; el_class=&#8221;border-width-100px&#8221;]<div class=\"w-btn-wrapper align_center\"><a class=\"w-btn us-btn-style_12 us_custom_0f8f44b7\" title=\"ce putem face\" href=\"https:\/\/www.lr-automation.de\/ro\/ce-putem-face\/\"><span class=\"w-btn-label\">afla\u021bi mai multe<\/span><\/a><\/div><\/div><\/div><\/div><\/div><\/div><\/div><\/div><\/div><\/div><\/section><section class=\"l-section wpb_row us_custom_41114c77 height_medium with_img parallax_ver\"><div class=\"l-section-img\" role=\"img\" aria-label=\"Platine\" data-img-width=\"1920\" data-img-height=\"1080\" style=\"background-image: url(https:\/\/www.lr-automation.de\/wp-content\/uploads\/platine-lr-automation.jpg);\"><\/div><div class=\"l-section-h i-cf\"><div class=\"g-cols vc_row via_flex valign_middle type_default reversed stacking_default\"><div class=\"vc_col-sm-12 wpb_column vc_column_container us_animate_afb\" style=\"animation-delay:0.4s\"><div class=\"vc_column-inner us_custom_203f2f39\"><div class=\"wpb_wrapper\"><div class=\"wpb_text_column us_custom_8d5aa4e2\"><div class=\"wpb_wrapper\"><h2 style=\"text-align: center;\"><span style=\"color: #373a3b;\">Digitalizare!<br \/>\n<\/span><\/h2>\n<\/div><\/div>[vc_separator color=&#8221;custom&#8221; border_width=&#8221;5&#8243; el_width=&#8221;50&#8243; accent_color=&#8221;#006553&#8243; css=&#8221;.vc_custom_1580723994048{margin-bottom: 30px !important;}&#8221; el_class=&#8221;border-width-100px&#8221;]<div class=\"w-btn-wrapper align_center\"><a class=\"w-btn us-btn-style_1 us_custom_3b0c0f1a\" title=\"ce putem face\" href=\"https:\/\/www.lr-automation.de\/ro\/ce-putem-face\/\"><span class=\"w-btn-label\">afla\u021bi mai multe<\/span><\/a><\/div><\/div><\/div><\/div><\/div><\/div><\/section><section class=\"l-section wpb_row us_custom_43ac937c height_small with_img parallax_ver\"><div class=\"l-section-img\" role=\"img\" aria-label=\"Platinen\" data-img-width=\"1920\" data-img-height=\"1080\" style=\"background-image: url(https:\/\/www.lr-automation.de\/wp-content\/uploads\/platine-lr-automation-02.jpg);background-repeat: no-repeat;\"><\/div><div class=\"l-section-h i-cf\"><div class=\"g-cols vc_row via_flex valign_top type_default stacking_default\"><div class=\"vc_col-sm-4 wpb_column vc_column_container\"><div class=\"vc_column-inner\"><div class=\"wpb_wrapper\"><\/div><\/div><\/div><div class=\"vc_col-sm-4 wpb_column vc_column_container has_bg_color us_animate_afb\" style=\"animation-delay:0.4s\"><div class=\"vc_column-inner us_custom_20d31b52\"><div class=\"wpb_wrapper\"><div class=\"w-hwrapper us_custom_ba9c96e7 valign_middle align_center\"><div class=\"w-vwrapper align_center valign_top\"><div class=\"wpb_text_column\"><div class=\"wpb_wrapper\"><h5 style=\"text-align: center;\"><span style=\"color: #ffffff;\">Inspirat de<br \/>\n<\/span><\/h5>\n<\/div><\/div><div class=\"wpb_text_column us_custom_8d5aa4e2\"><div class=\"wpb_wrapper\"><h2 style=\"text-align: center;\"><span style=\"color: #ffffff;\">ISO 9001:2015<\/span><\/h2>\n<\/div><\/div>[vc_separator color=&#8221;custom&#8221; border_width=&#8221;5&#8243; el_width=&#8221;50&#8243; accent_color=&#8221;#ffffff&#8221; css=&#8221;.vc_custom_1580803454932{margin-bottom: 20px !important;}&#8221; el_class=&#8221;border-width-100px&#8221;]<div class=\"wpb_text_column us_custom_3188818e\"><div class=\"wpb_wrapper\"><p style=\"text-align: center;\"><span style=\"color: #ffffff;\"><strong>Optimizarea proceselor, asigurarea calit\u0103\u021bii \u00een mod durabil<\/strong><\/span><\/p>\n<\/div><\/div><\/div><\/div><\/div><\/div><\/div><div class=\"vc_col-sm-4 wpb_column vc_column_container\"><div class=\"vc_column-inner\"><div class=\"wpb_wrapper\"><\/div><\/div><\/div><\/div><\/div><\/section><section class=\"l-section wpb_row us_custom_1f67a08a height_small\"><div class=\"l-section-h i-cf\"><div class=\"g-cols vc_row via_flex valign_top type_default stacking_default\"><div class=\"vc_col-sm-4 wpb_column vc_column_container has_bg_color us_animate_afb\" style=\"animation-delay:0.4s\"><div class=\"vc_column-inner us_custom_0d15be52\"><div class=\"wpb_wrapper\"><div class=\"g-cols wpb_row via_flex valign_top type_default stacking_default\"><div class=\"vc_col-sm-12 wpb_column vc_column_container\"><div class=\"vc_column-inner\"><div class=\"wpb_wrapper\"><div class=\"wpb_text_column us_custom_2dbf7b3f\"><div class=\"wpb_wrapper\"><h4>Contact<\/h4>\n<\/div><\/div><div class=\"w-iconbox iconpos_left style_default color_primary align_left no_title icontype_img\"><div class=\"w-iconbox-icon\" style=\"font-size:40px;\"><svg id=\"Ebene_1\" data-name=\"Ebene 1\" xmlns=\"http:\/\/www.w3.org\/2000\/svg\" viewBox=\"0 0 40 40\"><defs><style>.cls-1{fill:#006553;}<\/style><\/defs><title>icon-phone-lra<\/title><path class=\"cls-1\" d=\"M25.14,9a1,1,0,0,1,1,1V30a1,1,0,0,1-1,1H14.86a1,1,0,0,1-1-1V10a1,1,0,0,1,1-1H25.14m0-2H14.86a3,3,0,0,0-3,3V30a3,3,0,0,0,3,3H25.14a3,3,0,0,0,3-3V10a3,3,0,0,0-3-3Z\"\/><circle class=\"cls-1\" cx=\"20\" cy=\"27.53\" r=\"1.63\"\/><\/svg><\/div><div class=\"w-iconbox-meta\"><div class=\"w-iconbox-text\"><h6>+49 (0) 7021 \u2013 57 14 841<\/h6>\n<\/div><\/div><\/div><div class=\"w-iconbox us_custom_8e6ee1ad iconpos_left style_default color_custom align_left no_title icontype_img\"><div class=\"w-iconbox-icon\" style=\"font-size:40px;\"><svg id=\"Ebene_1\" data-name=\"Ebene 1\" xmlns=\"http:\/\/www.w3.org\/2000\/svg\" viewBox=\"0 0 40 40\"><defs><style>.cls-1{fill:#006553;}<\/style><\/defs><title>icon-mail-lra<\/title><path class=\"cls-1\" d=\"M20,23.65a1,1,0,0,1-.65-.25l-8.14-7a1,1,0,1,1,1.3-1.52L20,21.33l7.49-6.42a1,1,0,1,1,1.3,1.52l-8.14,7A1,1,0,0,1,20,23.65Z\"\/><path class=\"cls-1\" d=\"M30.62,12.1a1,1,0,0,1,1,1V26.9a1,1,0,0,1-1,1H9.38a1,1,0,0,1-1-1V13.1a1,1,0,0,1,1-1H30.62m0-2H9.38a3,3,0,0,0-3,3V26.9a3,3,0,0,0,3,3H30.62a3,3,0,0,0,3-3V13.1a3,3,0,0,0-3-3Z\"\/><\/svg><\/div><div class=\"w-iconbox-meta\"><div class=\"w-iconbox-text\"><h6>info@lr-automation.de<\/h6>\n<\/div><\/div><\/div><div class=\"w-iconbox us_custom_c5284212 iconpos_left style_default color_custom align_left no_title icontype_img\"><div class=\"w-iconbox-icon\" style=\"font-size:40px;\"><svg id=\"Ebene_1\" data-name=\"Ebene 1\" xmlns=\"http:\/\/www.w3.org\/2000\/svg\" viewBox=\"0 0 40 40\"><defs><style>.cls-1{fill:#006553;}<\/style><\/defs><title>icon-marker-lra<\/title><path class=\"cls-1\" d=\"M21,9c4,0,7.27,3.52,7.27,7.84,0,3.32-2.37,8.33-6.52,13.72A1,1,0,0,1,21,31a1,1,0,0,1-.74-.48c-4.15-5.39-6.53-10.4-6.53-13.72C13.7,12.5,17,9,21,9m0-2c-5.12,0-9.27,4.41-9.27,9.84,0,5.08,4.19,11.37,6.94,14.94a2.78,2.78,0,0,0,4.66,0c2.75-3.57,6.94-9.86,6.94-14.94C30.24,11.39,26.09,7,21,7Z\"\/><\/svg><\/div><div class=\"w-iconbox-meta\"><div class=\"w-iconbox-text\"><h6>Hohenstaufenstra\u00dfe 26,<br \/>\nD-73230 Kirchheim unter<br \/>\nTeck \u2013 Nabern<\/h6>\n<\/div><\/div><\/div><\/div><\/div><\/div><\/div><\/div><\/div><\/div><div class=\"vc_col-sm-8 wpb_column vc_column_container us_animate_afb\" style=\"animation-delay:0.4s\"><div class=\"vc_column-inner us_custom_b6a72ce1\"><div class=\"wpb_wrapper\"><div class=\"g-cols wpb_row via_flex valign_top type_default stacking_default\"><div class=\"vc_col-sm-12 wpb_column vc_column_container\"><div class=\"vc_column-inner\"><div class=\"wpb_wrapper\"><div class=\"w-map provider_google us_custom_b3be410f\" id=\"us_map_1\"><div class=\"w-map-inner\"><div class=\"w-map-json\" onclick='return {&quot;address&quot;:&quot;48.617036, 9.481182&quot;,&quot;disableDragging&quot;:0,&quot;disableZoom&quot;:0,&quot;hideControls&quot;:0,&quot;zoom&quot;:14,&quot;markers&quot;:[{&quot;address&quot;:&quot;48.617036, 9.481182&quot;,&quot;html&quot;:&quot;&quot;,&quot;infowindow&quot;:&quot;1&quot;}],&quot;icon&quot;:{&quot;url&quot;:&quot;https:\\\/\\\/www.lr-automation.de\\\/wp-content\\\/uploads\\\/icon-marker-lra.svg&quot;,&quot;size&quot;:[50,50]},&quot;maptype&quot;:&quot;ROADMAP&quot;}'><\/div><\/div><\/div><\/div><\/div><\/div><\/div><\/div><\/div><\/div><\/div><\/div><\/section>\n","protected":false},"excerpt":{"rendered":"#Covid-19 Sudarea cu ultrasunete a m\u0103\u0219tilor de protec\u021bie respiratorieAutomation 4.0 [vc_separator color=\"custom\" align=\"align_left\" border_width=\"5\" el_width=\"50\" accent_color=\"#ffffff\" css=\".vc_custom_1580802903712{margin-bottom: 40px !important;}\" el_class=\"border-width-100px\"]Partenerul dumneavostr\u0103 pentru implementarea proceselor suport afla\u021bi mai multePentru progresul proceselor [vc_separator color=\"custom\" align=\"align_left\" border_width=\"5\" el_width=\"50\" accent_color=\"#00dbb4\" css=\".vc_custom_1580731144005{margin-bottom: 40px !important;}\" el_class=\"border-width-100px\"]\u00een strans\u0103 cooperare vom g\u0103si solu\u021bia potrivit\u0103 \u201eProgresul \u00eenseamn\u0103 \u00een esen\u021b\u0103 s\u0103 vrei s\u0103 progresezi.\u201d [vc_separator...","protected":false},"author":4,"featured_media":0,"parent":0,"menu_order":0,"comment_status":"closed","ping_status":"closed","template":"","meta":{"footnotes":""},"class_list":["post-2940","page","type-page","status-publish","hentry"],"jetpack_sharing_enabled":true,"_links":{"self":[{"href":"https:\/\/www.lr-automation.de\/ro\/wp-json\/wp\/v2\/pages\/2940","targetHints":{"allow":["GET"]}}],"collection":[{"href":"https:\/\/www.lr-automation.de\/ro\/wp-json\/wp\/v2\/pages"}],"about":[{"href":"https:\/\/www.lr-automation.de\/ro\/wp-json\/wp\/v2\/types\/page"}],"author":[{"embeddable":true,"href":"https:\/\/www.lr-automation.de\/ro\/wp-json\/wp\/v2\/users\/4"}],"replies":[{"embeddable":true,"href":"https:\/\/www.lr-automation.de\/ro\/wp-json\/wp\/v2\/comments?post=2940"}],"version-history":[{"count":8,"href":"https:\/\/www.lr-automation.de\/ro\/wp-json\/wp\/v2\/pages\/2940\/revisions"}],"predecessor-version":[{"id":3111,"href":"https:\/\/www.lr-automation.de\/ro\/wp-json\/wp\/v2\/pages\/2940\/revisions\/3111"}],"wp:attachment":[{"href":"https:\/\/www.lr-automation.de\/ro\/wp-json\/wp\/v2\/media?parent=2940"}],"curies":[{"name":"wp","href":"https:\/\/api.w.org\/{rel}","templated":true}]}}